{"id":7670,"date":"2019-07-16T12:05:29","date_gmt":"2019-07-16T10:05:29","guid":{"rendered":"https:\/\/www.aab-fr.com\/de\/?page_id=7670"},"modified":"2025-11-13T11:42:28","modified_gmt":"2025-11-13T10:42:28","slug":"wer-sind-wir","status":"publish","type":"page","link":"https:\/\/www.aab-fr.com\/de\/wer-sind-wir\/","title":{"rendered":"Wer sind wir?"},"content":{"rendered":"<p>Das Unternehmen Atelier Artistique du B\u00e9ton (AAB) ist spezialisiert auf die Konzeption, die Gestaltung und den Bau von dauerhaften Kulissen f\u00fcr Firmen und Institutionen im Bereich Touristik und Entertainment.\u00a0Der Nachbau der H\u00f6hlen von Lascaux, die historischen Stationen des Themen- und Freizeitparks Puy du Fou oder der Nachbau einer vertrauten Umgebung f\u00fcr die Haie im Pariser Aquarium Trocad\u00e9ro sind nur einige der Herausforderungen, denen sich AAB seit 1989 erfolgreich gestellt hat.<\/p>\n<h2>Unsere Werte: Au\u00dfergew\u00f6hnlich, ma\u00dfgeschneidert, qualitativ hochwertig und skalierbar<\/h2>\n<p>Unseren Spezialisten ist keine Herausforderung zu gro\u00df. Sie brennen\u00a0darauf, neue, herausragende Projekte zu realisieren und immer wieder neue technische Verfahren zu entwickeln.<\/p>\n<p><img decoding=\"async\" loading=\"lazy\" class=\"alignright wp-image-2577\" src=\"https:\/\/www.aab-fr.com\/wp-content\/uploads\/2016\/04\/1274x750-qui-sommes-nous-1-300x177.jpg\" alt=\"1274x750-qui-sommes-nous-1\" width=\"480\" height=\"283\" srcset=\"https:\/\/www.aab-fr.com\/wp-content\/uploads\/2016\/04\/1274x750-qui-sommes-nous-1-300x177.jpg 300w, https:\/\/www.aab-fr.com\/wp-content\/uploads\/2016\/04\/1274x750-qui-sommes-nous-1-768x452.jpg 768w, https:\/\/www.aab-fr.com\/wp-content\/uploads\/2016\/04\/1274x750-qui-sommes-nous-1-1024x603.jpg 1024w, https:\/\/www.aab-fr.com\/wp-content\/uploads\/2016\/04\/1274x750-qui-sommes-nous-1-637x375.jpg 637w, https:\/\/www.aab-fr.com\/wp-content\/uploads\/2016\/04\/1274x750-qui-sommes-nous-1.jpg 1274w\" sizes=\"(max-width: 480px) 100vw, 480px\" \/>Jede Anfrage wird minuti\u00f6s gepr\u00fcft und jeder Entwurf im Detail ausgearbeitet, damit Ihre Anforderungen bestm\u00f6glich erf\u00fcllt werden. AAB begleitet Sie w\u00e4hrend der gesamten Konzeptions- und Planungsphase und findet f\u00fcr Sie die passenden technischen Verfahren f\u00fcr die Umsetzung.<\/p>\n<p>Bauphase ist die letzte Etappe Ihres Projekts. AAB ist bekannt f\u00fcr eine strenge \u00dcberwachung der Bauausf\u00fchrung, die systematische Suche nach den f\u00fcr die die jeweiligen Baustellenvorgaben passenden L\u00f6sungen und eine herausragende Qualit\u00e4t der realisierten Bauwerke.<\/p>\n<h2>Unsere Kunden<\/h2>\n<p>Das Zusammenspiel all dieser, \u00fcber viele Jahre hinweg und rund um den Globus erprobten Kompetenzen erkl\u00e4rt die gro\u00dfe Bandbreite der von AAB realisierten Projekte, auf die wir stolz sind. Dazu geh\u00f6ren Zoos (Lissabon, Beauval, Hannover, \u2026) ebenso wie Aquarien (Dubai, Istanbul, \u2026), Freizeitparks (Europa Park, Asterix Park, \u2026) und Einkaufszentren.<\/p>\n<p>Stolz sind wir auch auf die Mitwirkung an der Restaurierung herausragender franz\u00f6sischer Kulturg\u00fcter, wie z. B. des Naturkundemuseums in Paris, des Parc des Buttes-Chaumont und der Nachbildung der Chauvet-H\u00f6hle in der Ard\u00e8che.<\/p>\n<p>Angesichts unserer ausgewiesenen Expertise in der Verarbeitung mit Ultra-Hochleistungs-Faserbeton (UHFB) konnte AAB auch einzigartige Fassadenelemente f\u00fcr den Bahnhof von Bordeaux, den Platz Jules Verne in Marseille oder die Gefallenengedenkst\u00e4tte Notre-Dame-de-Lens.<\/p>\n<h2><strong data-start=\"0\" data-end=\"39\" data-is-only-node=\"\">AAB schlie\u00dft sich Atelier Emocio an<\/strong><\/h2>\n<p>AAB, Spezialist f\u00fcr <strong><a href=\"https:\/\/atelier-emocio.fr\/en\/\">skulpturierte Betondekore<\/a><\/strong>, vereint sich mit Emocio und L\u2019Usine \u00e0 5 Pattes, um <strong data-start=\"140\" data-end=\"158\">Atelier Emocio<\/strong> zu gr\u00fcnden.<br data-start=\"170\" data-end=\"173\" \/>Gemeinsam b\u00fcndeln wir unser Know-how, um au\u00dfergew\u00f6hnliche, immersive und emotionale Welten zu erschaffen.<\/p>\n","protected":false},"excerpt":{"rendered":"<p>Das Unternehmen Atelier Artistique du B\u00e9ton (AAB) ist spezialisiert auf die Konzeption, die Gestaltung und den Bau von dauerhaften Kulissen f\u00fcr Firmen und Institutionen im Bereich Touristik und Entertainment.\u00a0Der Nachbau der H\u00f6hlen von Lascaux, die historischen Stationen des Themen- und [&hellip;]<\/p>\n","protected":false},"author":1,"featured_media":0,"parent":0,"menu_order":0,"comment_status":"closed","ping_status":"open","template":"","meta":{"footnotes":""},"acf":[],"yoast_head":"<!-- This site is optimized with the Yoast SEO plugin v21.2 - https:\/\/yoast.com\/wordpress\/plugins\/seo\/ -->\n<title>Wer sind wir? - AAB<\/title>\n<meta name=\"robots\" content=\"index, follow, max-snippet:-1, max-image-preview:large, max-video-preview:-1\" \/>\n<link rel=\"canonical\" href=\"https:\/\/www.aab-fr.com\/de\/wer-sind-wir\/\" \/>\n<meta property=\"og:locale\" content=\"de_DE\" \/>\n<meta property=\"og:type\" content=\"article\" \/>\n<meta property=\"og:title\" content=\"Wer sind wir? - AAB\" \/>\n<meta property=\"og:description\" content=\"Das Unternehmen Atelier Artistique du B\u00e9ton (AAB) ist spezialisiert auf die Konzeption, die Gestaltung und den Bau von dauerhaften Kulissen f\u00fcr Firmen und Institutionen im Bereich Touristik und Entertainment.\u00a0Der Nachbau der H\u00f6hlen von Lascaux, die historischen Stationen des Themen- und [&hellip;]\" \/>\n<meta property=\"og:url\" content=\"https:\/\/www.aab-fr.com\/de\/wer-sind-wir\/\" \/>\n<meta property=\"og:site_name\" content=\"AAB\" \/>\n<meta property=\"article:modified_time\" content=\"2025-11-13T10:42:28+00:00\" \/>\n<meta property=\"og:image\" content=\"https:\/\/www.aab-fr.com\/wp-content\/uploads\/2016\/04\/1274x750-qui-sommes-nous-1-300x177.jpg\" \/>\n<meta name=\"twitter:card\" content=\"summary_large_image\" \/>\n<meta name=\"twitter:label1\" content=\"Gesch\u00e4tzte Lesezeit\" \/>\n\t<meta name=\"twitter:data1\" content=\"2\u00a0Minuten\" \/>\n<script type=\"application\/ld+json\" class=\"yoast-schema-graph\">{\"@context\":\"https:\/\/schema.org\",\"@graph\":[{\"@type\":\"WebPage\",\"@id\":\"https:\/\/www.aab-fr.com\/de\/wer-sind-wir\/\",\"url\":\"https:\/\/www.aab-fr.com\/de\/wer-sind-wir\/\",\"name\":\"Wer sind wir? - AAB\",\"isPartOf\":{\"@id\":\"https:\/\/www.aab-fr.com\/de\/#website\"},\"datePublished\":\"2019-07-16T10:05:29+00:00\",\"dateModified\":\"2025-11-13T10:42:28+00:00\",\"breadcrumb\":{\"@id\":\"https:\/\/www.aab-fr.com\/de\/wer-sind-wir\/#breadcrumb\"},\"inLanguage\":\"de\",\"potentialAction\":[{\"@type\":\"ReadAction\",\"target\":[\"https:\/\/www.aab-fr.com\/de\/wer-sind-wir\/\"]}]},{\"@type\":\"BreadcrumbList\",\"@id\":\"https:\/\/www.aab-fr.com\/de\/wer-sind-wir\/#breadcrumb\",\"itemListElement\":[{\"@type\":\"ListItem\",\"position\":1,\"name\":\"Accueil\",\"item\":\"https:\/\/www.aab-fr.com\/de\/\"},{\"@type\":\"ListItem\",\"position\":2,\"name\":\"Wer sind wir?\"}]},{\"@type\":\"WebSite\",\"@id\":\"https:\/\/www.aab-fr.com\/de\/#website\",\"url\":\"https:\/\/www.aab-fr.com\/de\/\",\"name\":\"AAB\",\"description\":\"Atelier Artistique du Beton (AAB): Sculpture Beton - Enrochements - D\u00e9cors B\u00e9ton\",\"potentialAction\":[{\"@type\":\"SearchAction\",\"target\":{\"@type\":\"EntryPoint\",\"urlTemplate\":\"https:\/\/www.aab-fr.com\/de\/?s={search_term_string}\"},\"query-input\":\"required name=search_term_string\"}],\"inLanguage\":\"de\"}]}<\/script>\n<!-- \/ Yoast SEO plugin. -->","yoast_head_json":{"title":"Wer sind wir? - AAB","robots":{"index":"index","follow":"follow","max-snippet":"max-snippet:-1","max-image-preview":"max-image-preview:large","max-video-preview":"max-video-preview:-1"},"canonical":"https:\/\/www.aab-fr.com\/de\/wer-sind-wir\/","og_locale":"de_DE","og_type":"article","og_title":"Wer sind wir? - AAB","og_description":"Das Unternehmen Atelier Artistique du B\u00e9ton (AAB) ist spezialisiert auf die Konzeption, die Gestaltung und den Bau von dauerhaften Kulissen f\u00fcr Firmen und Institutionen im Bereich Touristik und Entertainment.\u00a0Der Nachbau der H\u00f6hlen von Lascaux, die historischen Stationen des Themen- und [&hellip;]","og_url":"https:\/\/www.aab-fr.com\/de\/wer-sind-wir\/","og_site_name":"AAB","article_modified_time":"2025-11-13T10:42:28+00:00","og_image":[{"url":"https:\/\/www.aab-fr.com\/wp-content\/uploads\/2016\/04\/1274x750-qui-sommes-nous-1-300x177.jpg"}],"twitter_card":"summary_large_image","twitter_misc":{"Gesch\u00e4tzte Lesezeit":"2\u00a0Minuten"},"schema":{"@context":"https:\/\/schema.org","@graph":[{"@type":"WebPage","@id":"https:\/\/www.aab-fr.com\/de\/wer-sind-wir\/","url":"https:\/\/www.aab-fr.com\/de\/wer-sind-wir\/","name":"Wer sind wir? - AAB","isPartOf":{"@id":"https:\/\/www.aab-fr.com\/de\/#website"},"datePublished":"2019-07-16T10:05:29+00:00","dateModified":"2025-11-13T10:42:28+00:00","breadcrumb":{"@id":"https:\/\/www.aab-fr.com\/de\/wer-sind-wir\/#breadcrumb"},"inLanguage":"de","potentialAction":[{"@type":"ReadAction","target":["https:\/\/www.aab-fr.com\/de\/wer-sind-wir\/"]}]},{"@type":"BreadcrumbList","@id":"https:\/\/www.aab-fr.com\/de\/wer-sind-wir\/#breadcrumb","itemListElement":[{"@type":"ListItem","position":1,"name":"Accueil","item":"https:\/\/www.aab-fr.com\/de\/"},{"@type":"ListItem","position":2,"name":"Wer sind wir?"}]},{"@type":"WebSite","@id":"https:\/\/www.aab-fr.com\/de\/#website","url":"https:\/\/www.aab-fr.com\/de\/","name":"AAB","description":"Atelier Artistique du Beton (AAB): Sculpture Beton - Enrochements - D\u00e9cors B\u00e9ton","potentialAction":[{"@type":"SearchAction","target":{"@type":"EntryPoint","urlTemplate":"https:\/\/www.aab-fr.com\/de\/?s={search_term_string}"},"query-input":"required name=search_term_string"}],"inLanguage":"de"}]}},"_links":{"self":[{"href":"https:\/\/www.aab-fr.com\/de\/wp-json\/wp\/v2\/pages\/7670"}],"collection":[{"href":"https:\/\/www.aab-fr.com\/de\/wp-json\/wp\/v2\/pages"}],"about":[{"href":"https:\/\/www.aab-fr.com\/de\/wp-json\/wp\/v2\/types\/page"}],"author":[{"embeddable":true,"href":"https:\/\/www.aab-fr.com\/de\/wp-json\/wp\/v2\/users\/1"}],"replies":[{"embeddable":true,"href":"https:\/\/www.aab-fr.com\/de\/wp-json\/wp\/v2\/comments?post=7670"}],"version-history":[{"count":7,"href":"https:\/\/www.aab-fr.com\/de\/wp-json\/wp\/v2\/pages\/7670\/revisions"}],"predecessor-version":[{"id":19729,"href":"https:\/\/www.aab-fr.com\/de\/wp-json\/wp\/v2\/pages\/7670\/revisions\/19729"}],"wp:attachment":[{"href":"https:\/\/www.aab-fr.com\/de\/wp-json\/wp\/v2\/media?parent=7670"}],"curies":[{"name":"wp","href":"https:\/\/api.w.org\/{rel}","templated":true}]}}