{"id":7870,"date":"2019-07-29T09:48:59","date_gmt":"2019-07-29T07:48:59","guid":{"rendered":"https:\/\/www.aab-fr.com\/de\/?page_id=7870"},"modified":"2021-10-21T17:13:12","modified_gmt":"2021-10-21T15:13:12","slug":"unser-know-how","status":"publish","type":"page","link":"https:\/\/www.aab-fr.com\/de\/unser-know-how\/","title":{"rendered":"Unser Know-how"},"content":{"rendered":"<p style=\"text-align: justify;\"><span lang=\"DE\">Die gestalterischen Bauvorhaben, mit denen wir betraut sind, lassen sich in zwei gro\u00dfe Phasen unterteilen: In der ersten Phase wird der Projektumfang ermittelt, in der zweiten Phase wird das Projekt in die Tat umgesetzt.<\/span><\/p>\n<h2><span lang=\"DE\">Beratung w\u00e4hrend der Konzeptionsphase<\/span><\/h2>\n<p style=\"text-align: justify;\"><img decoding=\"async\" loading=\"lazy\" class=\"alignleft wp-image-2582\" src=\"http:\/\/www.aab-fr.com\/wp-content\/uploads\/2016\/04\/1274x750-notre-savoire-faire-1-300x177.jpg\" alt=\"1274x750-notre-savoire-faire-1\" width=\"480\" height=\"283\" srcset=\"https:\/\/www.aab-fr.com\/wp-content\/uploads\/2016\/04\/1274x750-notre-savoire-faire-1-300x177.jpg 300w, https:\/\/www.aab-fr.com\/wp-content\/uploads\/2016\/04\/1274x750-notre-savoire-faire-1-768x452.jpg 768w, https:\/\/www.aab-fr.com\/wp-content\/uploads\/2016\/04\/1274x750-notre-savoire-faire-1-1024x603.jpg 1024w, https:\/\/www.aab-fr.com\/wp-content\/uploads\/2016\/04\/1274x750-notre-savoire-faire-1-637x375.jpg 637w, https:\/\/www.aab-fr.com\/wp-content\/uploads\/2016\/04\/1274x750-notre-savoire-faire-1.jpg 1274w\" sizes=\"(max-width: 480px) 100vw, 480px\" \/><\/p>\n<p style=\"text-align: justify;\"><span lang=\"DE\">In der ersten Phase, vor der eigentlichen Umsetzung, m\u00fcssen mit der Unterst\u00fctzung unserer Teams vier H\u00fcrden genommen werden. Die Definition des <strong>Konzepts<\/strong> unter Ber\u00fccksichtigung der Kundenw\u00fcnsche dient&nbsp;als Grundlage f\u00fcr die Spezifikationen im Lastenheft. <\/span><\/p>\n<p>Anschlie\u00dfend geht es an das <strong>Design und die Volumenanalyse<\/strong>. Anhand der Studie der Gesamtvolumen der Dekorfl\u00e4chen und der Analyse der technischen Anforderungen und Schnittstellen wird ein erster Kostenrahmen erstellt.<\/p>\n<p style=\"text-align: justify;\"><img decoding=\"async\" loading=\"lazy\" class=\"alignright wp-image-2585\" src=\"http:\/\/www.aab-fr.com\/wp-content\/uploads\/2016\/04\/1274x750-notre-savoire-faire-2-300x177.jpg\" alt=\"1274x750-notre-savoire-faire-2\" width=\"480\" height=\"283\" srcset=\"https:\/\/www.aab-fr.com\/wp-content\/uploads\/2016\/04\/1274x750-notre-savoire-faire-2-300x177.jpg 300w, https:\/\/www.aab-fr.com\/wp-content\/uploads\/2016\/04\/1274x750-notre-savoire-faire-2-768x452.jpg 768w, https:\/\/www.aab-fr.com\/wp-content\/uploads\/2016\/04\/1274x750-notre-savoire-faire-2-1024x603.jpg 1024w, https:\/\/www.aab-fr.com\/wp-content\/uploads\/2016\/04\/1274x750-notre-savoire-faire-2-637x375.jpg 637w, https:\/\/www.aab-fr.com\/wp-content\/uploads\/2016\/04\/1274x750-notre-savoire-faire-2.jpg 1274w\" sizes=\"(max-width: 480px) 100vw, 480px\" \/><\/p>\n<p>Schlie\u00dflich fertigt unser Team ein <strong>3D-Modell an und stellt Musterst\u00fccke her<\/strong>. Auf Grundlage dieser technischen Aspekte erfolgt dann einen pr\u00e4zise Projektkalkulation.<\/p>\n<p>Zudem muss die technische Planung durch einen Architekten freigegeben werden. Sie beinhaltet die Ausf\u00fchrungsplanung sowie den endg\u00fcltigen Kostenplan f\u00fcr die vom Kunden gew\u00e4hlten Optionen.<\/p>\n<p>&nbsp;<\/p>\n<h2><span lang=\"DE\">Unterst\u00fctzung w\u00e4hrend der Bauphase<\/span><\/h2>\n<p>Die zweite Phase f\u00fchrt zu Realisierung des Bauvorhabens gem\u00e4\u00df den genehmigten Ausf\u00fchrungspl\u00e4nen.<\/p>\n<p style=\"text-align: justify;\"><img decoding=\"async\" loading=\"lazy\" class=\"wp-image-2581 alignleft\" src=\"http:\/\/www.aab-fr.com\/wp-content\/uploads\/2016\/04\/1274x750-notre-savoire-faire-3-300x177.jpg\" width=\"480\" height=\"283\" srcset=\"https:\/\/www.aab-fr.com\/wp-content\/uploads\/2016\/04\/1274x750-notre-savoire-faire-3-300x177.jpg 300w, https:\/\/www.aab-fr.com\/wp-content\/uploads\/2016\/04\/1274x750-notre-savoire-faire-3-768x452.jpg 768w, https:\/\/www.aab-fr.com\/wp-content\/uploads\/2016\/04\/1274x750-notre-savoire-faire-3-1024x603.jpg 1024w, https:\/\/www.aab-fr.com\/wp-content\/uploads\/2016\/04\/1274x750-notre-savoire-faire-3-637x375.jpg 637w, https:\/\/www.aab-fr.com\/wp-content\/uploads\/2016\/04\/1274x750-notre-savoire-faire-3.jpg 1274w\" sizes=\"(max-width: 480px) 100vw, 480px\" \/><\/p>\n<p><strong>Zun\u00e4chst<\/strong> wird die Machbarkeit der gelieferten Pl\u00e4ne vor Ort eingehend gepr\u00fcft. Die Pl\u00e4ne werden ggf. an die jeweiligen Baustellengegebenheiten angepasst und die Materialproben abschlie\u00dfend best\u00e4tigt.<\/p>\n<p>AAB \u00fcberwacht selbstverst\u00e4ndlich auch <strong>die Bauausf\u00fchrungen vor Ort<\/strong>. Unser Team mit ausgewiesener Kompetenz im Projektmanagement steht Ihnen bei der Errichtung Ihrer Landschaftsdekore mit Rat und Tat zur Seite. Und die verschiedenen Dekorationsexperten \u00fcberwachen die Baustelle f\u00fcr ihre jeweiligen Spezialbereiche.<\/p>\n<p>Nun geht es an <strong>die Herstellung der Betondekore<\/strong> und einen erfolgreichen Abschluss des Projekts.<\/p>\n<p>&nbsp;<\/p>\n<p style=\"text-align: justify;\"><span lang=\"DE\">Zum Schluss wird <strong>die Baustelle m\u00e4ngelfrei \u00fcbergeben<\/strong>. Die Fertigstellung erfolgt in Abstimmungen mit den verschiedenen Experten ihres Fachs und die Ausf\u00fchrungspl\u00e4ne sowie die Vertragsdokumente werden dem Bevollm\u00e4chtigten \u00fcbergeben. <\/span><\/p>\n","protected":false},"excerpt":{"rendered":"<p>Die gestalterischen Bauvorhaben, mit denen wir betraut sind, lassen sich in zwei gro\u00dfe Phasen unterteilen: In der ersten Phase wird der Projektumfang ermittelt, in der zweiten Phase wird das Projekt in die Tat umgesetzt. Beratung w\u00e4hrend der Konzeptionsphase In der [&hellip;]<\/p>\n","protected":false},"author":2,"featured_media":0,"parent":0,"menu_order":0,"comment_status":"closed","ping_status":"closed","template":"","meta":{"footnotes":""},"acf":[],"yoast_head":"<!-- This site is optimized with the Yoast SEO plugin v21.2 - https:\/\/yoast.com\/wordpress\/plugins\/seo\/ -->\n<title>Unser Know-how - AAB<\/title>\n<meta name=\"robots\" content=\"index, follow, max-snippet:-1, max-image-preview:large, max-video-preview:-1\" \/>\n<link rel=\"canonical\" href=\"https:\/\/www.aab-fr.com\/de\/unser-know-how\/\" \/>\n<meta property=\"og:locale\" content=\"de_DE\" \/>\n<meta property=\"og:type\" content=\"article\" \/>\n<meta property=\"og:title\" content=\"Unser Know-how - AAB\" \/>\n<meta property=\"og:description\" content=\"Die gestalterischen Bauvorhaben, mit denen wir betraut sind, lassen sich in zwei gro\u00dfe Phasen unterteilen: In der ersten Phase wird der Projektumfang ermittelt, in der zweiten Phase wird das Projekt in die Tat umgesetzt. Beratung w\u00e4hrend der Konzeptionsphase In der [&hellip;]\" \/>\n<meta property=\"og:url\" content=\"https:\/\/www.aab-fr.com\/de\/unser-know-how\/\" \/>\n<meta property=\"og:site_name\" content=\"AAB\" \/>\n<meta property=\"article:modified_time\" content=\"2021-10-21T15:13:12+00:00\" \/>\n<meta property=\"og:image\" content=\"http:\/\/www.aab-fr.com\/wp-content\/uploads\/2016\/04\/1274x750-notre-savoire-faire-1-300x177.jpg\" \/>\n<meta name=\"twitter:card\" content=\"summary_large_image\" \/>\n<meta name=\"twitter:label1\" content=\"Gesch\u00e4tzte Lesezeit\" \/>\n\t<meta name=\"twitter:data1\" content=\"2\u00a0Minuten\" \/>\n<script type=\"application\/ld+json\" class=\"yoast-schema-graph\">{\"@context\":\"https:\/\/schema.org\",\"@graph\":[{\"@type\":\"WebPage\",\"@id\":\"https:\/\/www.aab-fr.com\/de\/unser-know-how\/\",\"url\":\"https:\/\/www.aab-fr.com\/de\/unser-know-how\/\",\"name\":\"Unser Know-how - AAB\",\"isPartOf\":{\"@id\":\"https:\/\/www.aab-fr.com\/de\/#website\"},\"datePublished\":\"2019-07-29T07:48:59+00:00\",\"dateModified\":\"2021-10-21T15:13:12+00:00\",\"breadcrumb\":{\"@id\":\"https:\/\/www.aab-fr.com\/de\/unser-know-how\/#breadcrumb\"},\"inLanguage\":\"de\",\"potentialAction\":[{\"@type\":\"ReadAction\",\"target\":[\"https:\/\/www.aab-fr.com\/de\/unser-know-how\/\"]}]},{\"@type\":\"BreadcrumbList\",\"@id\":\"https:\/\/www.aab-fr.com\/de\/unser-know-how\/#breadcrumb\",\"itemListElement\":[{\"@type\":\"ListItem\",\"position\":1,\"name\":\"Accueil\",\"item\":\"https:\/\/www.aab-fr.com\/de\/\"},{\"@type\":\"ListItem\",\"position\":2,\"name\":\"Unser Know-how\"}]},{\"@type\":\"WebSite\",\"@id\":\"https:\/\/www.aab-fr.com\/de\/#website\",\"url\":\"https:\/\/www.aab-fr.com\/de\/\",\"name\":\"AAB\",\"description\":\"Atelier Artistique du Beton (AAB): Sculpture Beton - Enrochements - D\u00e9cors B\u00e9ton\",\"potentialAction\":[{\"@type\":\"SearchAction\",\"target\":{\"@type\":\"EntryPoint\",\"urlTemplate\":\"https:\/\/www.aab-fr.com\/de\/?s={search_term_string}\"},\"query-input\":\"required name=search_term_string\"}],\"inLanguage\":\"de\"}]}<\/script>\n<!-- \/ Yoast SEO plugin. -->","yoast_head_json":{"title":"Unser Know-how - AAB","robots":{"index":"index","follow":"follow","max-snippet":"max-snippet:-1","max-image-preview":"max-image-preview:large","max-video-preview":"max-video-preview:-1"},"canonical":"https:\/\/www.aab-fr.com\/de\/unser-know-how\/","og_locale":"de_DE","og_type":"article","og_title":"Unser Know-how - AAB","og_description":"Die gestalterischen Bauvorhaben, mit denen wir betraut sind, lassen sich in zwei gro\u00dfe Phasen unterteilen: In der ersten Phase wird der Projektumfang ermittelt, in der zweiten Phase wird das Projekt in die Tat umgesetzt. Beratung w\u00e4hrend der Konzeptionsphase In der [&hellip;]","og_url":"https:\/\/www.aab-fr.com\/de\/unser-know-how\/","og_site_name":"AAB","article_modified_time":"2021-10-21T15:13:12+00:00","og_image":[{"url":"http:\/\/www.aab-fr.com\/wp-content\/uploads\/2016\/04\/1274x750-notre-savoire-faire-1-300x177.jpg"}],"twitter_card":"summary_large_image","twitter_misc":{"Gesch\u00e4tzte Lesezeit":"2\u00a0Minuten"},"schema":{"@context":"https:\/\/schema.org","@graph":[{"@type":"WebPage","@id":"https:\/\/www.aab-fr.com\/de\/unser-know-how\/","url":"https:\/\/www.aab-fr.com\/de\/unser-know-how\/","name":"Unser Know-how - AAB","isPartOf":{"@id":"https:\/\/www.aab-fr.com\/de\/#website"},"datePublished":"2019-07-29T07:48:59+00:00","dateModified":"2021-10-21T15:13:12+00:00","breadcrumb":{"@id":"https:\/\/www.aab-fr.com\/de\/unser-know-how\/#breadcrumb"},"inLanguage":"de","potentialAction":[{"@type":"ReadAction","target":["https:\/\/www.aab-fr.com\/de\/unser-know-how\/"]}]},{"@type":"BreadcrumbList","@id":"https:\/\/www.aab-fr.com\/de\/unser-know-how\/#breadcrumb","itemListElement":[{"@type":"ListItem","position":1,"name":"Accueil","item":"https:\/\/www.aab-fr.com\/de\/"},{"@type":"ListItem","position":2,"name":"Unser Know-how"}]},{"@type":"WebSite","@id":"https:\/\/www.aab-fr.com\/de\/#website","url":"https:\/\/www.aab-fr.com\/de\/","name":"AAB","description":"Atelier Artistique du Beton (AAB): Sculpture Beton - Enrochements - D\u00e9cors B\u00e9ton","potentialAction":[{"@type":"SearchAction","target":{"@type":"EntryPoint","urlTemplate":"https:\/\/www.aab-fr.com\/de\/?s={search_term_string}"},"query-input":"required name=search_term_string"}],"inLanguage":"de"}]}},"_links":{"self":[{"href":"https:\/\/www.aab-fr.com\/de\/wp-json\/wp\/v2\/pages\/7870"}],"collection":[{"href":"https:\/\/www.aab-fr.com\/de\/wp-json\/wp\/v2\/pages"}],"about":[{"href":"https:\/\/www.aab-fr.com\/de\/wp-json\/wp\/v2\/types\/page"}],"author":[{"embeddable":true,"href":"https:\/\/www.aab-fr.com\/de\/wp-json\/wp\/v2\/users\/2"}],"replies":[{"embeddable":true,"href":"https:\/\/www.aab-fr.com\/de\/wp-json\/wp\/v2\/comments?post=7870"}],"version-history":[{"count":6,"href":"https:\/\/www.aab-fr.com\/de\/wp-json\/wp\/v2\/pages\/7870\/revisions"}],"predecessor-version":[{"id":8592,"href":"https:\/\/www.aab-fr.com\/de\/wp-json\/wp\/v2\/pages\/7870\/revisions\/8592"}],"wp:attachment":[{"href":"https:\/\/www.aab-fr.com\/de\/wp-json\/wp\/v2\/media?parent=7870"}],"curies":[{"name":"wp","href":"https:\/\/api.w.org\/{rel}","templated":true}]}}