{"id":7881,"date":"2019-07-29T09:51:16","date_gmt":"2019-07-29T07:51:16","guid":{"rendered":"https:\/\/www.aab-fr.com\/de\/?page_id=7881"},"modified":"2021-10-21T17:14:43","modified_gmt":"2021-10-21T15:14:43","slug":"unsere-verfahren","status":"publish","type":"page","link":"https:\/\/www.aab-fr.com\/de\/unsere-verfahren\/","title":{"rendered":"Unsere Verfahren"},"content":{"rendered":"<p>AAB ist auf drei verschiedene technische Verfahren spezialisiert, die sich weltweit bew\u00e4hrt haben.<\/p>\n<h2>Spritzbeton<\/h2>\n<p style=\"text-align: justify;\"><img decoding=\"async\" loading=\"lazy\" class=\"wp-image-2591 alignright\" src=\"http:\/\/www.aab-fr.com\/wp-content\/uploads\/2016\/05\/1274x750-nos-techniques-3-300x177.jpg\" alt=\"1274x750-nos-techniques-3\" width=\"480\" height=\"283\" srcset=\"https:\/\/www.aab-fr.com\/wp-content\/uploads\/2016\/05\/1274x750-nos-techniques-3-300x177.jpg 300w, https:\/\/www.aab-fr.com\/wp-content\/uploads\/2016\/05\/1274x750-nos-techniques-3-768x452.jpg 768w, https:\/\/www.aab-fr.com\/wp-content\/uploads\/2016\/05\/1274x750-nos-techniques-3-1024x603.jpg 1024w, https:\/\/www.aab-fr.com\/wp-content\/uploads\/2016\/05\/1274x750-nos-techniques-3-637x375.jpg 637w, https:\/\/www.aab-fr.com\/wp-content\/uploads\/2016\/05\/1274x750-nos-techniques-3.jpg 1274w\" sizes=\"(max-width: 480px) 100vw, 480px\" \/>Der vor Ort aufgespritzte M\u00f6rtel kommt insbesondere bei der Herstellung von k\u00fcnstlichen Felsen, H\u00f6hlen, Fassaden, Br\u00fccken, Bachl\u00e4ufen und Wasserf\u00e4llen zum Einsatz. Diese Technik beruht auf der Anfertigung eines Systems von Unterkonstruktionen, auf die der z\u00e4hfl\u00fcssige M\u00f6rtel aufgespritzt wird. Die so geschaffene Oberfl\u00e4che wird anschlie\u00dfend bearbeitet und je nach gew\u00fcnschtem Ergebnis patiniert. Diese Methode, die flexibel vor Ort durchgef\u00fchrt werden kann, erm\u00f6glicht die Schaffung komplexer Formen und variabler Volumen, die speziell f\u00fcr ein manchmal r\u00e4umlich beengtes Umfeld entwickelt wurde. Neben einer gro\u00dfen Bandbreite an \u00e4sthetischen Gestaltungsm\u00f6glichkeiten bietet die M\u00f6rteltechnik auch den Vorteil einer extrem einfachen L\u00f6sung zur Kaschierung von Schnittstellen und Verbindungselementen.<\/p>\n<h2>Polyesterharz<\/h2>\n<p style=\"text-align: justify;\"><img decoding=\"async\" loading=\"lazy\" class=\"alignleft wp-image-2589\" src=\"http:\/\/www.aab-fr.com\/wp-content\/uploads\/2016\/05\/1274x750-nos-techniques-2-300x177.jpg\" alt=\"1274x750-nos-techniques-2\" width=\"480\" height=\"283\" srcset=\"https:\/\/www.aab-fr.com\/wp-content\/uploads\/2016\/05\/1274x750-nos-techniques-2-300x177.jpg 300w, https:\/\/www.aab-fr.com\/wp-content\/uploads\/2016\/05\/1274x750-nos-techniques-2-768x452.jpg 768w, https:\/\/www.aab-fr.com\/wp-content\/uploads\/2016\/05\/1274x750-nos-techniques-2-1024x603.jpg 1024w, https:\/\/www.aab-fr.com\/wp-content\/uploads\/2016\/05\/1274x750-nos-techniques-2-637x375.jpg 637w, https:\/\/www.aab-fr.com\/wp-content\/uploads\/2016\/05\/1274x750-nos-techniques-2.jpg 1274w\" sizes=\"(max-width: 480px) 100vw, 480px\" \/>Die Vorfertigung aus Polyester oder Beton in unseren Werken ist immer dann die Technik der Wahl, wenn es auf eine gr\u00f6\u00dftm\u00f6gliche Detailtreue bei der Realisierung des Bauvorhabens ankommt. Die Vorfertigung empfiehlt sich f\u00fcr die Ausf\u00fchrung von Figuren, Statuen, Dekoelementen oder Schmuckfassaden. Je nach Gr\u00f6\u00dfe der einzelnen Werkst\u00fccke und der zu realisierenden Oberfl\u00e4che wird er Aufbau einschlie\u00dflich Unterbau direkt mittels Gie\u00dfform oder durch Marouflage hergestellt. Diese Technik garantiert eine unvergleichlich hohe Qualit\u00e4t der Reproduktion von Farben und Formen, insbesondere durch Einsatz eines homogenen und nach dem Entformen schrumpffreien Materials. Dar\u00fcber hinaus ist mit dieser Methode eine Isolierung von au\u00dfen m\u00f6glich.<\/p>\n<h2>Ultra-Hochleistungs-Faserbeton (UHFB)<\/h2>\n<p style=\"text-align: justify;\"><img decoding=\"async\" loading=\"lazy\" class=\"alignright wp-image-2588\" src=\"http:\/\/www.aab-fr.com\/wp-content\/uploads\/2016\/05\/1274x750-nos-techniques-1-300x177.jpg\" alt=\"1274x750-nos-techniques-1\" width=\"480\" height=\"283\" srcset=\"https:\/\/www.aab-fr.com\/wp-content\/uploads\/2016\/05\/1274x750-nos-techniques-1-300x177.jpg 300w, https:\/\/www.aab-fr.com\/wp-content\/uploads\/2016\/05\/1274x750-nos-techniques-1-768x452.jpg 768w, https:\/\/www.aab-fr.com\/wp-content\/uploads\/2016\/05\/1274x750-nos-techniques-1-1024x603.jpg 1024w, https:\/\/www.aab-fr.com\/wp-content\/uploads\/2016\/05\/1274x750-nos-techniques-1-637x375.jpg 637w, https:\/\/www.aab-fr.com\/wp-content\/uploads\/2016\/05\/1274x750-nos-techniques-1.jpg 1274w\" sizes=\"(max-width: 480px) 100vw, 480px\" \/>Die Vorfertigung von Ultra-Hochleistungs-Faserbetonen ist f\u00fcr die Herstellung von Dekorelementen aus Sichtbeton angezeigt. Diese Technik erweist sich als sehr widerstandsf\u00e4hig und kommt bei der Herstellung relativ feiner Konstruktionselemente zum Einsatz, f\u00fcr die Sichtbeton ben\u00f6tigt wird. Die Auswahl der Form, die f\u00fcr das Bauvorhaben verwendet wird, richtet sich nach der Komplexit\u00e4t des Werkst\u00fccks. UHFB erfreut sich bei den Nutzern nicht nur aufgrund seiner feinen K\u00f6rnung an der Oberfl\u00e4che, seiner gro\u00dfen Unempfindlichkeit und der Vielfalt der realisierbaren Formen, sondern auch aufgrund der M\u00f6glichkeit der Reduzierung der Querschnitte und der Entlastung der Tragkonstruktionen und Fundamente gro\u00dfer Beliebtheit.<\/p>\n<p>&nbsp;<\/p>\n","protected":false},"excerpt":{"rendered":"<p>AAB ist auf drei verschiedene technische Verfahren spezialisiert, die sich weltweit bew\u00e4hrt haben. Spritzbeton Der vor Ort aufgespritzte M\u00f6rtel kommt insbesondere bei der Herstellung von k\u00fcnstlichen Felsen, H\u00f6hlen, Fassaden, Br\u00fccken, Bachl\u00e4ufen und Wasserf\u00e4llen zum Einsatz. Diese Technik beruht auf der [&hellip;]<\/p>\n","protected":false},"author":1,"featured_media":0,"parent":0,"menu_order":0,"comment_status":"closed","ping_status":"closed","template":"","meta":{"footnotes":""},"acf":[],"yoast_head":"<!-- This site is optimized with the Yoast SEO plugin v21.2 - https:\/\/yoast.com\/wordpress\/plugins\/seo\/ -->\n<title>Unsere Verfahren - AAB<\/title>\n<meta name=\"robots\" content=\"index, follow, max-snippet:-1, max-image-preview:large, max-video-preview:-1\" \/>\n<link rel=\"canonical\" href=\"https:\/\/www.aab-fr.com\/de\/unsere-verfahren\/\" \/>\n<meta property=\"og:locale\" content=\"de_DE\" \/>\n<meta property=\"og:type\" content=\"article\" \/>\n<meta property=\"og:title\" content=\"Unsere Verfahren - AAB\" \/>\n<meta property=\"og:description\" content=\"AAB ist auf drei verschiedene technische Verfahren spezialisiert, die sich weltweit bew\u00e4hrt haben. Spritzbeton Der vor Ort aufgespritzte M\u00f6rtel kommt insbesondere bei der Herstellung von k\u00fcnstlichen Felsen, H\u00f6hlen, Fassaden, Br\u00fccken, Bachl\u00e4ufen und Wasserf\u00e4llen zum Einsatz. Diese Technik beruht auf der [&hellip;]\" \/>\n<meta property=\"og:url\" content=\"https:\/\/www.aab-fr.com\/de\/unsere-verfahren\/\" \/>\n<meta property=\"og:site_name\" content=\"AAB\" \/>\n<meta property=\"article:modified_time\" content=\"2021-10-21T15:14:43+00:00\" \/>\n<meta property=\"og:image\" content=\"http:\/\/www.aab-fr.com\/wp-content\/uploads\/2016\/05\/1274x750-nos-techniques-3-300x177.jpg\" \/>\n<meta name=\"twitter:card\" content=\"summary_large_image\" \/>\n<meta name=\"twitter:label1\" content=\"Gesch\u00e4tzte Lesezeit\" \/>\n\t<meta name=\"twitter:data1\" content=\"2\u00a0Minuten\" \/>\n<script type=\"application\/ld+json\" class=\"yoast-schema-graph\">{\"@context\":\"https:\/\/schema.org\",\"@graph\":[{\"@type\":\"WebPage\",\"@id\":\"https:\/\/www.aab-fr.com\/de\/unsere-verfahren\/\",\"url\":\"https:\/\/www.aab-fr.com\/de\/unsere-verfahren\/\",\"name\":\"Unsere Verfahren - AAB\",\"isPartOf\":{\"@id\":\"https:\/\/www.aab-fr.com\/de\/#website\"},\"datePublished\":\"2019-07-29T07:51:16+00:00\",\"dateModified\":\"2021-10-21T15:14:43+00:00\",\"breadcrumb\":{\"@id\":\"https:\/\/www.aab-fr.com\/de\/unsere-verfahren\/#breadcrumb\"},\"inLanguage\":\"de\",\"potentialAction\":[{\"@type\":\"ReadAction\",\"target\":[\"https:\/\/www.aab-fr.com\/de\/unsere-verfahren\/\"]}]},{\"@type\":\"BreadcrumbList\",\"@id\":\"https:\/\/www.aab-fr.com\/de\/unsere-verfahren\/#breadcrumb\",\"itemListElement\":[{\"@type\":\"ListItem\",\"position\":1,\"name\":\"Accueil\",\"item\":\"https:\/\/www.aab-fr.com\/de\/\"},{\"@type\":\"ListItem\",\"position\":2,\"name\":\"Unsere Verfahren\"}]},{\"@type\":\"WebSite\",\"@id\":\"https:\/\/www.aab-fr.com\/de\/#website\",\"url\":\"https:\/\/www.aab-fr.com\/de\/\",\"name\":\"AAB\",\"description\":\"Atelier Artistique du Beton (AAB): Sculpture Beton - Enrochements - D\u00e9cors B\u00e9ton\",\"potentialAction\":[{\"@type\":\"SearchAction\",\"target\":{\"@type\":\"EntryPoint\",\"urlTemplate\":\"https:\/\/www.aab-fr.com\/de\/?s={search_term_string}\"},\"query-input\":\"required name=search_term_string\"}],\"inLanguage\":\"de\"}]}<\/script>\n<!-- \/ Yoast SEO plugin. -->","yoast_head_json":{"title":"Unsere Verfahren - AAB","robots":{"index":"index","follow":"follow","max-snippet":"max-snippet:-1","max-image-preview":"max-image-preview:large","max-video-preview":"max-video-preview:-1"},"canonical":"https:\/\/www.aab-fr.com\/de\/unsere-verfahren\/","og_locale":"de_DE","og_type":"article","og_title":"Unsere Verfahren - AAB","og_description":"AAB ist auf drei verschiedene technische Verfahren spezialisiert, die sich weltweit bew\u00e4hrt haben. Spritzbeton Der vor Ort aufgespritzte M\u00f6rtel kommt insbesondere bei der Herstellung von k\u00fcnstlichen Felsen, H\u00f6hlen, Fassaden, Br\u00fccken, Bachl\u00e4ufen und Wasserf\u00e4llen zum Einsatz. Diese Technik beruht auf der [&hellip;]","og_url":"https:\/\/www.aab-fr.com\/de\/unsere-verfahren\/","og_site_name":"AAB","article_modified_time":"2021-10-21T15:14:43+00:00","og_image":[{"url":"http:\/\/www.aab-fr.com\/wp-content\/uploads\/2016\/05\/1274x750-nos-techniques-3-300x177.jpg"}],"twitter_card":"summary_large_image","twitter_misc":{"Gesch\u00e4tzte Lesezeit":"2\u00a0Minuten"},"schema":{"@context":"https:\/\/schema.org","@graph":[{"@type":"WebPage","@id":"https:\/\/www.aab-fr.com\/de\/unsere-verfahren\/","url":"https:\/\/www.aab-fr.com\/de\/unsere-verfahren\/","name":"Unsere Verfahren - AAB","isPartOf":{"@id":"https:\/\/www.aab-fr.com\/de\/#website"},"datePublished":"2019-07-29T07:51:16+00:00","dateModified":"2021-10-21T15:14:43+00:00","breadcrumb":{"@id":"https:\/\/www.aab-fr.com\/de\/unsere-verfahren\/#breadcrumb"},"inLanguage":"de","potentialAction":[{"@type":"ReadAction","target":["https:\/\/www.aab-fr.com\/de\/unsere-verfahren\/"]}]},{"@type":"BreadcrumbList","@id":"https:\/\/www.aab-fr.com\/de\/unsere-verfahren\/#breadcrumb","itemListElement":[{"@type":"ListItem","position":1,"name":"Accueil","item":"https:\/\/www.aab-fr.com\/de\/"},{"@type":"ListItem","position":2,"name":"Unsere Verfahren"}]},{"@type":"WebSite","@id":"https:\/\/www.aab-fr.com\/de\/#website","url":"https:\/\/www.aab-fr.com\/de\/","name":"AAB","description":"Atelier Artistique du Beton (AAB): Sculpture Beton - Enrochements - D\u00e9cors B\u00e9ton","potentialAction":[{"@type":"SearchAction","target":{"@type":"EntryPoint","urlTemplate":"https:\/\/www.aab-fr.com\/de\/?s={search_term_string}"},"query-input":"required name=search_term_string"}],"inLanguage":"de"}]}},"_links":{"self":[{"href":"https:\/\/www.aab-fr.com\/de\/wp-json\/wp\/v2\/pages\/7881"}],"collection":[{"href":"https:\/\/www.aab-fr.com\/de\/wp-json\/wp\/v2\/pages"}],"about":[{"href":"https:\/\/www.aab-fr.com\/de\/wp-json\/wp\/v2\/types\/page"}],"author":[{"embeddable":true,"href":"https:\/\/www.aab-fr.com\/de\/wp-json\/wp\/v2\/users\/1"}],"replies":[{"embeddable":true,"href":"https:\/\/www.aab-fr.com\/de\/wp-json\/wp\/v2\/comments?post=7881"}],"version-history":[{"count":4,"href":"https:\/\/www.aab-fr.com\/de\/wp-json\/wp\/v2\/pages\/7881\/revisions"}],"predecessor-version":[{"id":8594,"href":"https:\/\/www.aab-fr.com\/de\/wp-json\/wp\/v2\/pages\/7881\/revisions\/8594"}],"wp:attachment":[{"href":"https:\/\/www.aab-fr.com\/de\/wp-json\/wp\/v2\/media?parent=7881"}],"curies":[{"name":"wp","href":"https:\/\/api.w.org\/{rel}","templated":true}]}}